{"id":6479,"date":"2023-01-12T18:39:33","date_gmt":"2023-01-12T17:39:33","guid":{"rendered":"https:\/\/therentalstudios.it\/?page_id=6479"},"modified":"2025-10-02T11:12:44","modified_gmt":"2025-10-02T09:12:44","slug":"privacy-policy","status":"publish","type":"page","link":"https:\/\/therentalstudios.it\/en\/privacy-policy\/","title":{"rendered":"Privacy Policy"},"content":{"rendered":"<div data-elementor-type=\"wp-page\" data-elementor-id=\"6479\" class=\"elementor elementor-6479\" data-elementor-post-type=\"page\">\n\t\t\t\t\t\t<section class=\"elementor-section elementor-top-section elementor-element elementor-element-3dad7a9f elementor-section-stretched elementor-section-full_width elementor-section-height-min-height elementor-section-content-middle elementor-section-height-default elementor-section-items-middle\" data-id=\"3dad7a9f\" data-element_type=\"section\" data-e-type=\"section\" data-settings=\"{&quot;stretch_section&quot;:&quot;section-stretched&quot;,&quot;background_background&quot;:&quot;classic&quot;}\">\n\t\t\t\t\t\t<div class=\"elementor-container elementor-column-gap-default\">\n\t\t\t\t\t<div class=\"elementor-column elementor-col-100 elementor-top-column elementor-element elementor-element-7cc4b675\" data-id=\"7cc4b675\" data-element_type=\"column\" data-e-type=\"column\">\n\t\t\t<div class=\"elementor-widget-wrap elementor-element-populated\">\n\t\t\t\t\t\t<div class=\"elementor-element elementor-element-ac836d4 elementor-widget elementor-widget-heading\" data-id=\"ac836d4\" data-element_type=\"widget\" data-e-type=\"widget\" data-widget_type=\"heading.default\">\n\t\t\t\t<div class=\"elementor-widget-container\">\n\t\t\t\t\t<h1 class=\"elementor-heading-title elementor-size-xxl\">PRIVACY POLICY<\/h1>\t\t\t\t<\/div>\n\t\t\t\t<\/div>\n\t\t\t\t\t<\/div>\n\t\t<\/div>\n\t\t\t\t\t<\/div>\n\t\t<\/section>\n\t\t\t\t<section class=\"elementor-section elementor-top-section elementor-element elementor-element-b28bbca elementor-section-boxed elementor-section-height-default elementor-section-height-default\" data-id=\"b28bbca\" data-element_type=\"section\" data-e-type=\"section\">\n\t\t\t\t\t\t<div class=\"elementor-container elementor-column-gap-default\">\n\t\t\t\t\t<div class=\"elementor-column elementor-col-100 elementor-top-column elementor-element elementor-element-51afcf3\" data-id=\"51afcf3\" data-element_type=\"column\" data-e-type=\"column\">\n\t\t\t<div class=\"elementor-widget-wrap elementor-element-populated\">\n\t\t\t\t\t\t<div class=\"elementor-element elementor-element-313913d elementor-widget elementor-widget-text-editor\" data-id=\"313913d\" data-element_type=\"widget\" data-e-type=\"widget\" data-widget_type=\"text-editor.default\">\n\t\t\t\t<div class=\"elementor-widget-container\">\n\t\t\t\t\t\t\t\t\t<p>Nel rispetto di quanto previsto dal Regolamento Europeo per la protezione dei dati personali UE 2016\/679 (<strong>GDPR<\/strong>), la presente Privacy Policy \u00e8 volta a informare gli utenti (di seguito \u201c<strong>Interessati<\/strong>\u201d o \u201c<strong>Utenti<\/strong>\u201d) sulle attivit\u00e0 di trattamento dei dati personali effettuate tramite il sito internet www.therentalstudios.it (di seguito, \u201c<strong>Sito<\/strong>\u201d) e gli altri canali utilizzati per l\u2019iscrizione alla newsletter gestiti da Rental Studio.<\/p><p><strong>TITOLARE DEL TRATTAMENTO <\/strong><\/p><p>Il titolare del trattamento dei dati, ovvero il soggetto che determina le finalit\u00e0 e i mezzi del trattamento, \u00e8 The Rental Studios, con sede legale in Via L. Pedroni n. 28P, 20161 Milano (di seguito anche, il \u201c<strong>Titolare<\/strong>\u201d).<\/p><p>Il Titolare pu\u00f2 essere contattato inviando una email all\u2019indirizzo <a href=\"mailto:info@therentalstudios.it\">info@therentalstudios.it<\/a> oppure mediante comunicazione a mezzo posta tradizionale all\u2019indirizzo della sede.<\/p><p><strong>I DATI RACCOLTI<\/strong><\/p><p>I dati personali degli Utenti (quali, a titolo esemplificativo, il nominativo, indirizzo email e i dati di contatto, di seguito, i \u201c<strong>Dati<\/strong>\u201d) sono raccolti in modalit\u00e0 automatizzata mediante la compilazione dei form presenti nella sezione \u201cContatti\u201d o altre pagine del Sito o in altri canali utilizzati da The Rental Studios per l\u2019iscrizione alla Newsletter (quali ad es. LinkedIn).<\/p><p>I campi contrassegnati con l\u2019asterisco (*) sono obbligatori. L\u2019eventuale rifiuto dell\u2019Interessato a fornire i propri dati personali comporter\u00e0 l\u2019oggettiva impossibilit\u00e0 per il Titolare di trattare i dati per le finalit\u00e0 per cui i Dati sono raccolti.<\/p><p>Oltre ai dati personali conferiti direttamente dagli Utenti, in fase di connessione al Sito, i sistemi informatici acquisiscono automaticamente tramite il<em> browser web<\/em> ulteriori informazioni la cui trasmissione \u00e8 implicita nell\u2019uso dei protocolli di comunicazione di Internet. Tra questi, vengono raccolti dati di navigazione riguardanti, ad es., l\u2019indirizzo IP, il tipo di <em>browser <\/em>e parametri del dispositivo usato per connettersi al Sito, data e orario di visita. Il trattamento di questi dati \u00e8 necessario al Titolare per esigenze di analisi del traffico e per garantire la sicurezza del Sito.<\/p><p>I dati di navigazione sono raccolti anche tramite cookie, piccoli file di testo che i siti web memorizzano sul computer degli Utenti durante la navigazione allo scopo di identificare chi ha gi\u00e0 visitato il Sito in precedenza. Per avere maggiori informazioni riguardo all\u2019uso dei cookie e degli strumenti di tracciamento utilizzati da The Rental Studios invitiamo gli Utenti a consultare la <a href=\"https:\/\/therentalstudios.it\/en\/cookies-policy\/\"><u>Cookie Policy<\/u>.<\/a><\/p><p>Il trattamento dei Dati avverr\u00e0 per le finalit\u00e0 di seguito indicate e sar\u00e0 improntato ai principi di correttezza, liceit\u00e0, trasparenza e di tutela della riservatezza e dei diritti dell\u2019interessato in conformit\u00e0 con la normativa italiana ed europea in materia di protezione dei dati personali.<\/p>\t\t\t\t\t\t\t\t<\/div>\n\t\t\t\t<\/div>\n\t\t\t\t<div class=\"elementor-element elementor-element-085849a elementor-widget elementor-widget-html\" data-id=\"085849a\" data-element_type=\"widget\" data-e-type=\"widget\" data-widget_type=\"html.default\">\n\t\t\t\t<div class=\"elementor-widget-container\">\n\t\t\t\t\t<div id=\"footable_parent_6495\"\n         class=\"footable_parent ninja_table_wrapper loading_ninja_table wp_table_data_press_parent semantic_ui\">\n                <table data-ninja_table_instance=\"ninja_table_instance_0\" data-footable_id=\"6495\" data-filter-delay=\"1000\" aria-label=\"cookie\"            id=\"footable_6495\"\n           data-unique_identifier=\"ninja_table_unique_id_1844636784_6495\"\n           class=\"foo-table ninja_footable foo_table_6495 ninja_table_unique_id_1844636784_6495 ui table  nt_type_ajax_table selectable striped vertical_centered  footable-paging-right ninja_table_search_disabled\">\n                <colgroup>\n                            <col class=\"ninja_column_0\">\n                            <col class=\"ninja_column_1\">\n                            <col class=\"ninja_column_2\">\n                    <\/colgroup>\n            <\/table>\n    \n    \n    \n<\/div>\n\t\t\t\t<\/div>\n\t\t\t\t<\/div>\n\t\t\t\t<div class=\"elementor-element elementor-element-19ae85c elementor-widget elementor-widget-text-editor\" data-id=\"19ae85c\" data-element_type=\"widget\" data-e-type=\"widget\" data-widget_type=\"text-editor.default\">\n\t\t\t\t<div class=\"elementor-widget-container\">\n\t\t\t\t\t\t\t\t\t<p>Resta inteso che il rifiuto dell\u2019Interessato a fornire il proprio consenso al trattamento dei dati personali per finalit\u00e0 di Newsletter comporter\u00e0 la sola impossibilit\u00e0 per il Titolare di perseguire tale finalit\u00e0, ma non avr\u00e0 effetto sugli ulteriori servizi forniti.<\/p><p><strong>SECURITY<\/strong><\/p><p>I Dati degli Utenti sono trattati tramite il Sito adottando le opportune misure di sicurezza volte ad impedire accessi non autorizzati, divulgazione, modifica o distruzione non autorizzata dei dati.<\/p><p>A fini di sicurezza, i dati di navigazione potrebbero essere utilizzati, conformemente alle leggi vigenti in materia, per l\u2019accertamento di responsabilit\u00e0 in caso di tentativi di danneggiamento al Sito o altre attivit\u00e0 dannose costituenti reato.<\/p><p><strong>CONSERVAZIONE DEI DATI<\/strong><\/p><p>I dati trattati verranno conservati per un arco di tempo non superiore al conseguimento delle finalit\u00e0 per le quali sono stati raccolti (\u201cprincipio di limitazione della conservazione\u201d art. 5 del GDPR) in base alla tabella sopra riportata. Tuttavia, i Dati potranno essere trattati per un termine superiore a quello indicato in tabella, ove intervenga un atto interruttivo o sospensivo della prescrizione che giustifichi il prolungamento della conservazione del dato, ovvero vengano utilizzati per accertare, esercitare o difendere un diritto del Titolare in sede giudiziaria, stragiudiziale o in altra sede.<\/p><p>La verifica sulla obsolescenza dei dati conservati in relazione alle finalit\u00e0 per cui sono stati raccolti viene effettuata periodicamente. Al termine del periodo di conservazione i dati personali saranno cancellati o resi anonimi.<\/p><p><strong>CATEGORIE DI SOGGETTI CUI POSSONO ESSERE COMUNICATI I DATI<\/strong><\/p><p>I Dati potranno essere comunicati per le finalit\u00e0 sopra descritte a:<\/p><ul><li>dipendenti e collaboratori del Titolare, nella loro qualit\u00e0 di soggetti autorizzati al trattamento, i quali agiscono sulla base di specifiche istruzioni ricevute in ordine alle finalit\u00e0 e modalit\u00e0 di trattamento dei dati;<\/li><li>societ\u00e0 terze che forniscono, in <em>outsourcing<\/em>, servizi per conto del Titolare (es. sviluppo e manutenzione del Sito, piattaforme utilizzate per inviare comunicazioni commerciali via email);<\/li><li>organi di vigilanza (nei casi previsti dalla normativa vigente) nonch\u00e9 Autorit\u00e0 a ci\u00f2 legittimate sulla base delle leggi e dei regolamenti in materia.<\/li><\/ul><p>In caso in cui il Titolare si avvalga di soggetti terzi, questi potranno agire, a seconda dei casi, in qualit\u00e0 di responsabili esterni del trattamento o autonomi titolari, in conformit\u00e0 con la normativa vigente in materia di protezione dei dati.<\/p><p>Ai responsabili del trattamento sono imposte le stesse garanzie di sicurezza garantite dal Titolare e gli stessi sono resi edotti delle proprie responsabilit\u00e0 con contratto di nomina a responsabile del trattamento ai sensi dell\u2019art. 28 del GDPR. L\u2019elenco completo ed aggiornato dei soggetti nominati responsabili del trattamento \u00e8 custodito presso la sede del Titolare ed \u00e8 consultabile su richiesta.<\/p><p><strong>TRASFERIMENTO DEI DATI PERSONALI EXTRA\u2013UE <\/strong><\/p><p>I Dati sono trattati presso la sede del Titolare all\u2019interno dell\u2019Unione europea. Qualora per questioni di natura tecnica o operativa il Titolare abbia necessit\u00e0 di avvalersi di soggetti ubicati al di fuori dell\u2019Unione, il trasferimento dei dati personali a tali soggetti sar\u00e0 regolato in conformit\u00e0 a quanto previsto dal GDPR.\u00a0<\/p><p>A tal riguardo, il Titolare assicura sin d\u2019ora che per il trasferimento verranno adottate tutte le cautele necessarie al fine di garantire la totale protezione dei dati personali in conformit\u00e0 a quanto previsto dal capo V del GDPR e a specifiche decisioni di adeguatezza adottate dalla Commissione europea.<\/p><p><strong>DIRITTI DEGLI INTERESSATI<\/strong><\/p><p>Ai sensi degli artt. 15 e ss. del GDPR, gli Utenti hanno il diritto di:<\/p><ul><li><strong>accedere ai dati<\/strong> e <strong>richiedere la rettifica<\/strong> dei Dati personali inesatti e l\u2019<strong>integrazione dei dati incompleti<\/strong>;<\/li><li>ottenere, nei casi previsti, la <strong>cancellazione dei dati<\/strong> (diritto all\u2019oblio);<\/li><li>richiedere la <strong>limitazione del trattamento<\/strong> o <strong>l\u2019opposizione allo stesso<\/strong>, quando possibile;<\/li><li>richiedere la <strong>portabilit\u00e0 dei dati<\/strong>, per ricevere in un formato strutturato, di uso comune e leggibile da dispositivo automatico i dati, anche per trasmetterli ad un altro titolare, nei limiti previsti dall\u2019art. 20 GDPR.<\/li><\/ul><p>Gli Utenti, inoltre, hanno diritto di proporre reclamo all\u2019Autorit\u00e0 Garante per la Protezione dei Dati Personali ai sensi dell\u2019art. 77 del GDPR, qualora ritengano che il trattamento dei dati violi il GDPR.<\/p><p>\u00c8 sempre possibile interrompere l\u2019invio di comunicazioni commerciali da parte di The Rental Studios (Newsletter e Soft Spam) cliccando sul link di <em>opt-out<\/em> presente in calce alle email ricevute. Per tutte le altre richieste, gli Utenti potranno in qualsiasi momento esercitare i diritti a loro attribuiti inviando:\u00a0<\/p><ul><li>una e-mail all\u2019indirizzo <a href=\"mailto:info@therentalstudios.it\">info@therentalstudios.it<\/a><\/li><li>una lettera a mezzo posta tradizionale alla sede legale del Titolare in Via L. Pedroni, 28P Milano<\/li><\/ul><p><strong>MODIFICHE<\/strong><\/p><p>Il Titolare del Trattamento si riserva la facolt\u00e0 di apportare modifiche alla presente informativa in qualunque momento, anche quale conseguenza della variazione della normativa applicabile in materia di protezione dei dati personali.<\/p><p>Gli Utenti sono dunque invitati a consultare regolarmente la presente informativa sul Sito nella sezione Privacy Policy.<\/p><p><strong>\u00a0<\/strong><\/p><p><strong>\u00a0<\/strong><\/p><p>Data di aggiornamento: 2 ottobre 2025<\/p>\t\t\t\t\t\t\t\t<\/div>\n\t\t\t\t<\/div>\n\t\t\t\t\t<\/div>\n\t\t<\/div>\n\t\t\t\t\t<\/div>\n\t\t<\/section>\n\t\t\t\t<\/div>","protected":false},"excerpt":{"rendered":"<p>PRIVACY POLICY Nel rispetto di quanto previsto dal Regolamento Europeo per la protezione dei dati personali UE 2016\/679 (GDPR), la presente Privacy Policy \u00e8 volta a informare gli utenti (di seguito \u201cInteressati\u201d o \u201cUtenti\u201d) sulle attivit\u00e0 di trattamento dei dati personali effettuate tramite il sito internet www.therentalstudios.it (di seguito, \u201cSito\u201d) e gli altri canali utilizzati [&hellip;]<\/p>\n","protected":false},"author":2,"featured_media":0,"parent":0,"menu_order":0,"comment_status":"closed","ping_status":"closed","template":"elementor_header_footer","meta":{"footnotes":""},"class_list":["post-6479","page","type-page","status-publish","hentry"],"yoast_head":"<!-- This site is optimized with the Yoast SEO plugin v27.4 - https:\/\/yoast.com\/product\/yoast-seo-wordpress\/ -->\n<title>Privacy Policy - THE RENTAL STUDIOS<\/title>\n<meta name=\"robots\" content=\"noindex, nofollow\" \/>\n<meta property=\"og:locale\" content=\"en_US\" \/>\n<meta property=\"og:type\" content=\"article\" \/>\n<meta property=\"og:title\" content=\"Privacy Policy - THE RENTAL STUDIOS\" \/>\n<meta property=\"og:description\" content=\"PRIVACY POLICY Nel rispetto di quanto previsto dal Regolamento Europeo per la protezione dei dati personali UE 2016\/679 (GDPR), la presente Privacy Policy \u00e8 volta a informare gli utenti (di seguito \u201cInteressati\u201d o \u201cUtenti\u201d) sulle attivit\u00e0 di trattamento dei dati personali effettuate tramite il sito internet www.therentalstudios.it (di seguito, \u201cSito\u201d) e gli altri canali utilizzati [&hellip;]\" \/>\n<meta property=\"og:url\" content=\"https:\/\/therentalstudios.it\/en\/privacy-policy\/\" \/>\n<meta property=\"og:site_name\" content=\"THE RENTAL STUDIOS\" \/>\n<meta property=\"article:modified_time\" content=\"2025-10-02T09:12:44+00:00\" \/>\n<meta name=\"twitter:card\" content=\"summary_large_image\" \/>\n<meta name=\"twitter:label1\" content=\"Est. reading time\" \/>\n\t<meta name=\"twitter:data1\" content=\"6 minutes\" \/>\n<script type=\"application\/ld+json\" class=\"yoast-schema-graph\">{\"@context\":\"https:\\\/\\\/schema.org\",\"@graph\":[{\"@type\":\"WebPage\",\"@id\":\"https:\\\/\\\/therentalstudios.it\\\/privacy-policy\\\/\",\"url\":\"https:\\\/\\\/therentalstudios.it\\\/privacy-policy\\\/\",\"name\":\"Privacy Policy - THE RENTAL STUDIOS\",\"isPartOf\":{\"@id\":\"https:\\\/\\\/therentalstudios.it\\\/#website\"},\"datePublished\":\"2023-01-12T17:39:33+00:00\",\"dateModified\":\"2025-10-02T09:12:44+00:00\",\"breadcrumb\":{\"@id\":\"https:\\\/\\\/therentalstudios.it\\\/privacy-policy\\\/#breadcrumb\"},\"inLanguage\":\"en-US\",\"potentialAction\":[{\"@type\":\"ReadAction\",\"target\":[\"https:\\\/\\\/therentalstudios.it\\\/privacy-policy\\\/\"]}]},{\"@type\":\"BreadcrumbList\",\"@id\":\"https:\\\/\\\/therentalstudios.it\\\/privacy-policy\\\/#breadcrumb\",\"itemListElement\":[{\"@type\":\"ListItem\",\"position\":1,\"name\":\"Home\",\"item\":\"https:\\\/\\\/therentalstudios.it\\\/\"},{\"@type\":\"ListItem\",\"position\":2,\"name\":\"Privacy Policy\"}]},{\"@type\":\"WebSite\",\"@id\":\"https:\\\/\\\/therentalstudios.it\\\/#website\",\"url\":\"https:\\\/\\\/therentalstudios.it\\\/\",\"name\":\"The Rental Studios\",\"description\":\"Serviced Apartments\",\"publisher\":{\"@id\":\"https:\\\/\\\/therentalstudios.it\\\/#organization\"},\"potentialAction\":[{\"@type\":\"SearchAction\",\"target\":{\"@type\":\"EntryPoint\",\"urlTemplate\":\"https:\\\/\\\/therentalstudios.it\\\/?s={search_term_string}\"},\"query-input\":{\"@type\":\"PropertyValueSpecification\",\"valueRequired\":true,\"valueName\":\"search_term_string\"}}],\"inLanguage\":\"en-US\"},{\"@type\":\"Organization\",\"@id\":\"https:\\\/\\\/therentalstudios.it\\\/#organization\",\"name\":\"The Rental Studios\",\"alternateName\":\"Serviced Apartment\",\"url\":\"https:\\\/\\\/therentalstudios.it\\\/\",\"logo\":{\"@type\":\"ImageObject\",\"inLanguage\":\"en-US\",\"@id\":\"https:\\\/\\\/therentalstudios.it\\\/#\\\/schema\\\/logo\\\/image\\\/\",\"url\":\"https:\\\/\\\/therentalstudios.it\\\/wp-content\\\/uploads\\\/2024\\\/03\\\/cropped-logo-the-rental-studio-1.jpg\",\"contentUrl\":\"https:\\\/\\\/therentalstudios.it\\\/wp-content\\\/uploads\\\/2024\\\/03\\\/cropped-logo-the-rental-studio-1.jpg\",\"width\":512,\"height\":512,\"caption\":\"The Rental Studios\"},\"image\":{\"@id\":\"https:\\\/\\\/therentalstudios.it\\\/#\\\/schema\\\/logo\\\/image\\\/\"}}]}<\/script>\n<!-- \/ Yoast SEO plugin. -->","yoast_head_json":{"title":"Privacy Policy - THE RENTAL STUDIOS","robots":{"index":"noindex","follow":"nofollow"},"og_locale":"en_US","og_type":"article","og_title":"Privacy Policy - THE RENTAL STUDIOS","og_description":"PRIVACY POLICY Nel rispetto di quanto previsto dal Regolamento Europeo per la protezione dei dati personali UE 2016\/679 (GDPR), la presente Privacy Policy \u00e8 volta a informare gli utenti (di seguito \u201cInteressati\u201d o \u201cUtenti\u201d) sulle attivit\u00e0 di trattamento dei dati personali effettuate tramite il sito internet www.therentalstudios.it (di seguito, \u201cSito\u201d) e gli altri canali utilizzati [&hellip;]","og_url":"https:\/\/therentalstudios.it\/en\/privacy-policy\/","og_site_name":"THE RENTAL STUDIOS","article_modified_time":"2025-10-02T09:12:44+00:00","twitter_card":"summary_large_image","twitter_misc":{"Est. reading time":"6 minutes"},"schema":{"@context":"https:\/\/schema.org","@graph":[{"@type":"WebPage","@id":"https:\/\/therentalstudios.it\/privacy-policy\/","url":"https:\/\/therentalstudios.it\/privacy-policy\/","name":"Privacy Policy - THE RENTAL STUDIOS","isPartOf":{"@id":"https:\/\/therentalstudios.it\/#website"},"datePublished":"2023-01-12T17:39:33+00:00","dateModified":"2025-10-02T09:12:44+00:00","breadcrumb":{"@id":"https:\/\/therentalstudios.it\/privacy-policy\/#breadcrumb"},"inLanguage":"en-US","potentialAction":[{"@type":"ReadAction","target":["https:\/\/therentalstudios.it\/privacy-policy\/"]}]},{"@type":"BreadcrumbList","@id":"https:\/\/therentalstudios.it\/privacy-policy\/#breadcrumb","itemListElement":[{"@type":"ListItem","position":1,"name":"Home","item":"https:\/\/therentalstudios.it\/"},{"@type":"ListItem","position":2,"name":"Privacy Policy"}]},{"@type":"WebSite","@id":"https:\/\/therentalstudios.it\/#website","url":"https:\/\/therentalstudios.it\/","name":"The Rental Studios","description":"Serviced Apartments","publisher":{"@id":"https:\/\/therentalstudios.it\/#organization"},"potentialAction":[{"@type":"SearchAction","target":{"@type":"EntryPoint","urlTemplate":"https:\/\/therentalstudios.it\/?s={search_term_string}"},"query-input":{"@type":"PropertyValueSpecification","valueRequired":true,"valueName":"search_term_string"}}],"inLanguage":"en-US"},{"@type":"Organization","@id":"https:\/\/therentalstudios.it\/#organization","name":"The Rental Studios","alternateName":"Serviced Apartment","url":"https:\/\/therentalstudios.it\/","logo":{"@type":"ImageObject","inLanguage":"en-US","@id":"https:\/\/therentalstudios.it\/#\/schema\/logo\/image\/","url":"https:\/\/therentalstudios.it\/wp-content\/uploads\/2024\/03\/cropped-logo-the-rental-studio-1.jpg","contentUrl":"https:\/\/therentalstudios.it\/wp-content\/uploads\/2024\/03\/cropped-logo-the-rental-studio-1.jpg","width":512,"height":512,"caption":"The Rental Studios"},"image":{"@id":"https:\/\/therentalstudios.it\/#\/schema\/logo\/image\/"}}]}},"_links":{"self":[{"href":"https:\/\/therentalstudios.it\/en\/wp-json\/wp\/v2\/pages\/6479","targetHints":{"allow":["GET"]}}],"collection":[{"href":"https:\/\/therentalstudios.it\/en\/wp-json\/wp\/v2\/pages"}],"about":[{"href":"https:\/\/therentalstudios.it\/en\/wp-json\/wp\/v2\/types\/page"}],"author":[{"embeddable":true,"href":"https:\/\/therentalstudios.it\/en\/wp-json\/wp\/v2\/users\/2"}],"replies":[{"embeddable":true,"href":"https:\/\/therentalstudios.it\/en\/wp-json\/wp\/v2\/comments?post=6479"}],"version-history":[{"count":26,"href":"https:\/\/therentalstudios.it\/en\/wp-json\/wp\/v2\/pages\/6479\/revisions"}],"predecessor-version":[{"id":10104,"href":"https:\/\/therentalstudios.it\/en\/wp-json\/wp\/v2\/pages\/6479\/revisions\/10104"}],"wp:attachment":[{"href":"https:\/\/therentalstudios.it\/en\/wp-json\/wp\/v2\/media?parent=6479"}],"curies":[{"name":"wp","href":"https:\/\/api.w.org\/{rel}","templated":true}]}}